{"id":50,"date":"2023-03-05T17:44:53","date_gmt":"2023-03-05T16:44:53","guid":{"rendered":"https:\/\/www.cityapotheke.de\/wp-neu\/?page_id=50"},"modified":"2023-03-05T17:44:53","modified_gmt":"2023-03-05T16:44:53","slug":"blutwerte","status":"publish","type":"page","link":"https:\/\/www.cityapotheke.de\/index.php\/blutwerte\/","title":{"rendered":"Blutwerte"},"content":{"rendered":"\n<p>Hier erhalten Sie Informationen zu den einzelnen Blutwerten:<\/p>\n\n\n\n<h2 class=\"wp-block-heading\">Gesamtcholesterin<\/h2>\n\n\n\n<p>Normbereich:&nbsp; Bis 200 mg\/dl<br>Grenzbereich: 200 &#8211; 250 mg\/dl<br>Behandlungsbed\u00fcrftig: Werte \u00fcber 250 mg\/dl<br><br>M\u00f6gliche Ursachen von Abweichungen: Ererbte Fettstoffwechselst\u00f6rungen, Lebererkrankungen, Diabetes, hormonelle St\u00f6rungen, Nierenerkrankungen, Schwangerschaft, Einnahme bestimmter Arzneimittel.<br>Nach dem derzeitigen Erkenntnisstand erh\u00f6ht sich bei Gesamtcholesterinwerten \u00fcber 200 mg\/dl in der Regel das Risiko an Arteriosklerose zu erkranken. Durch die Anlagerungen von Cholesterin an den Innenwandungen der Blutgef\u00e4sse und die damit einhergehenden Ver\u00e4nderungen dieser Wandungen k\u00f6nnen typische Verschlusserkrankungen wie koronare Herzkrankheit, Herzinfarkt oder Schlaganfall ausgel\u00f6st werden. Die Erkrankungsgefahr wird zus\u00e4tzlich erh\u00f6ht, wenn noch weitere Risikofaktoren hinzukommen, wie z. B. Rauchen, Bluthochdruck und\/oder \u00dcbergewicht,<br>Wird bei Blutwertbestimmung ein Gesamtcholesterinspiegel im Bereich von 200-250 mg\/dl festgestellt, ist zur weiteren Beurteilung die genaue Bestimmung des HDL- sowie des LDL-Cholesterinwert auf jeden Fall sinnvoll. Erst dabei entscheidet sich letztendlich, ob \u00fcberhaupt eine Therapie notwendig ist.<br><br>HDL- und LDL-Cholesterin sind die beiden Haupttransportformen des Cholesterins im Blut. W\u00e4hrend dem HDL-Cholesterin sogar eine Schutzfunktion vor Herz- Kreislauferkrankungen zugeschrieben wird, ist die H\u00f6he des LDL- Cholesterinspiegel entscheidend f\u00fcr das Erkrankungsrisiko.<\/p>\n\n\n\n<h2 class=\"wp-block-heading\">HDL- Cholesterin ( &#8222;gutes&#8220; Cholesterin )<\/h2>\n\n\n\n<p>Normbereich: \u00dcber 40 mg\/dl<br>Grenzbereich: 40-35 mg\/dl<br>Behandlungsbed\u00fcrftig: Werte unter 35 mg\/dl<br><br>Etwa 25% des Cholesterins werden im Paket mit High Density Lipoprotein (HDL) transportiert. Zahlreiche Studien haben gezeigt, dass HDL-Werte \u00fcber 40mg\/dl einen gewissen Schutz vor arterioklerose-bedingten Erkrankungen bieten.<\/p>\n\n\n\n<h2 class=\"wp-block-heading\">LDL-Cholesterin<\/h2>\n\n\n\n<p>Normbereich: Unter 125 mg\/dl<br>Grenzbereich: 125 &#8211; 155 mg\/dl<br>Behandlungsbed\u00fcrftig: Werte \u00fcber 155 mg\/dl<br><br>Ca. 70% des Gesamtcholesterins werden im Blut mit LDL ( Low-Density-Lipoproteinen ) transportiert. Diese LDL-Partikel sind nach dem heutigen Stand der wissenschaftlichen Erkenntnisse verantwortlich f\u00fcr arteriosklerotische Ablagerungen in den Gef\u00e4\u00dfen.<\/p>\n\n\n\n<h2 class=\"wp-block-heading\">Triglyceride<\/h2>\n\n\n\n<p>Normalbereich: 35 &#8211; 200mg\/dl<br><br>M\u00f6gliche Ursachen von Abweichungen:<br>Ererbte Fettstoffwechselst\u00f6rungen, Diabetes, Leber- , Nierenerkrankungen, Schilddr\u00fcsenunterfunktion, u.a., Einnahme bestimmter Arzneimittel.<br><br>Triglyceride dienen den K\u00f6rperzellen als Brennstoff f\u00fcr die Energiegewinnung. Einige Triglyceride werden vom Organismus selbst gebildet, andere m\u00fcssen von au\u00dfen mit der Nahrung zugef\u00fchrt werden.<br>\u00dcber den Stellenwert der Triglyceride als Risikofaktor f\u00fcr Erkrankungen der Herzkranzgef\u00e4\u00dfe wird immer noch diskutiert. In letzter Zeit mehren sich Hinweise, da\u00df erh\u00f6hte Triglycerid-Spiegel im Blut bei der Entstehung der koronaren Herzkrankheit eine Rolle spielen.<\/p>\n\n\n\n<h2 class=\"wp-block-heading\">Blutzuckergehalt<\/h2>\n\n\n\n<p>Glukose = Blutzucker<br><br>Normbereich:&nbsp; 55 &#8211; 110 mg\/dl ( n\u00fcchtern )<br>Grenzbereich: 110 &#8211; 130 mg\/dl ( n\u00fcchtern )<br><br>Behandlungsbed\u00fcrftig: Werte \u00fcber 130 mg\/dl<br><br>M\u00f6gliche Ursache von Abweichungen: Diabetes Typ I oder Typ II; Erkrankungen der Bauchspeicheldr\u00fcse.<br><br>Bei Abweichungen von den Normwerten sollte auf jeden Fall ein Arzt aufgesucht werden. Diabetes ist in der Bev\u00f6lkerung au\u00dferordentlich verbreitet und sollte so fr\u00fch wie m\u00f6glich behandelt werden. Das Krankheitsgeschehen ist sehr komplex und entsteht durch das Fehlen k\u00f6rpereigener Insulinproduktion bei Diabetes Typ I bzw. auf Insulinunempfindlichkeit der K\u00f6rperzellen bei Typ II. Daraus resultieren St\u00f6rungen u. a. im Kohlenhydrat- und Fettstoffwechsel mit zahlreichen Folgen f\u00fcr den gesamten Organismus. Das Risiko gravierender Sp\u00e4tsch\u00e4den kann durch rechtzeitige und sachgerechte \u00e4rztliche Betreuung erheblich gemindert werden.<\/p>\n\n\n\n<h2 class=\"wp-block-heading\">Gamma &#8211; GT<\/h2>\n\n\n\n<p>Normbereich:&nbsp; M\u00e4nner&nbsp; 06 &#8211; 28 U\/l ( 25\u00b0 )<br>&nbsp;&nbsp;&nbsp;&nbsp;&nbsp;&nbsp;&nbsp;&nbsp;&nbsp;&nbsp;&nbsp;&nbsp;&nbsp;&nbsp;&nbsp;&nbsp;&nbsp;&nbsp;&nbsp;&nbsp;&nbsp;&nbsp;&nbsp; Frauen&nbsp; 04 &#8211; 18 U\/l ( 25\u00b0 )<br><br>M\u00f6gliche Ursachen von Abweichungen: Lebererkrankungen, Erkrankungen der Gallenwege, Herzerkrankungen, Verbrennungen, Diabetes, Erkrankungen der Bauchspeicheldr\u00fcse, Tumorerkrankungen, Arzneimittel, Alkohol.<br><br>Bei der Gamma-Glutamyl-Transferase ( GGT ) handelt es sich um ein Enzym, welches auf der Zelloberfl\u00e4che von Leber, Bauchspeicheldr\u00fcse und Nieren lokalisiert ist. Unter bestimmten Bedingungen wird dieses Enzym von der Zelloberfl\u00e4che in das Blutplasma abgesp\u00fclt.<br><br>Leber-Gallenerkrankungen beispielsweise gehen oft mit erh\u00f6hten GGT-Werten einher; insbesondere, wenn Sie zu einem R\u00fcckstau von Gallens\u00e4uren im Lebergewebe f\u00fchren.<br><br>Auch bei frischen Herzinfarkten und bei koronaren Herzerkrankungen liegen die GGT-Werte oft \u00fcber dem Normbereich. Ebenso erh\u00f6hen sich die GGT-Werte bei Alkoholmi\u00dfbrauch, in der Regel parallel zu der Menge des aufgenommenen Alkohols. Nach Verzicht auf Alkoholkonsum sinken die GGT-Werte in der Regel nach absehbarer Zeit wieder auf den Normbereich ab.<\/p>\n\n\n\n<h2 class=\"wp-block-heading\">Harns\u00e4ure<\/h2>\n\n\n\n<p>Normbereiche:<br>&nbsp;&nbsp;&nbsp; M\u00e4nner: 3,5 &#8211; 7,0 mg\/dl<br>&nbsp;&nbsp;&nbsp; Frauen:&nbsp; 2,5 &#8211; 5,9 mg\/dl<br><br>M\u00f6gliche Ursache von Abweichungen:<br>Erblich bedingte Gichterkrankungen, \u00dcbergewicht, Nierenfunktionsst\u00f6rungen, Behandlung mit Zytostatike u. a. .<br><br>Mit steigender Harns\u00e4urewerten im Blut erh\u00f6ht sich das Risiko an Gicht zu erkranken, Hierbei handelt es sich um Ablagerungen von Harns\u00e4urekristallen im Gewebe, die zu schmerzhaften Beschwerden f\u00fchren k\u00f6nnen. Die Harns\u00e4ure selbst ist im Organismus ein Stoffwechselendprodukt. Sie entsteht beim Um- und Abbau k\u00f6rpereigener Zellkerne ( aus den Purinbausteinen der Nukleins\u00e4uren ) und wird \u00fcber die Nieren ausgeschieden. Der Gesamtgehalt an Harns\u00e4ure im K\u00f6rper liegt etwa 1 Gramm und resultiert aus den den oben beschriebenen Zellabbauvorg\u00e4ngen und der Aufnahme von Purinen aus Nahrungsmitteln. Bestimmte Erkrankungen sowie bestimmte Ern\u00e4hrungsgewohnheiten behindern die Harns\u00e4ureausscheidung bzw. f\u00fchren zu einem erh\u00f6hten Angebot der Harns\u00e4urevorl\u00e4ufersubstanzen im K\u00f6rper und l\u00f6sen somit erh\u00f6hte Harns\u00e4urespiegel aus.<\/p>\n\n\n\n<h2 class=\"wp-block-heading\">H\u00e4moglobin ( HB )<\/h2>\n\n\n\n<p>Normwerte:&nbsp; M\u00e4nner:&nbsp;&nbsp;&nbsp;&nbsp;&nbsp;&nbsp;&nbsp;&nbsp;&nbsp;&nbsp; 13 &#8211; 18 g\/dl<br>&nbsp;&nbsp;&nbsp;&nbsp;&nbsp;&nbsp;&nbsp;&nbsp;&nbsp;&nbsp;&nbsp;&nbsp;&nbsp;&nbsp;&nbsp;&nbsp;&nbsp;&nbsp;&nbsp;&nbsp;&nbsp; Frauen:&nbsp;&nbsp;&nbsp;&nbsp;&nbsp;&nbsp;&nbsp;&nbsp;&nbsp;&nbsp;&nbsp; 11 &#8211; 16 g\/dl<br>&nbsp;&nbsp;&nbsp;&nbsp;&nbsp;&nbsp;&nbsp;&nbsp;&nbsp;&nbsp;&nbsp;&nbsp;&nbsp;&nbsp;&nbsp;&nbsp;&nbsp;&nbsp;&nbsp;&nbsp;&nbsp; Kinder:&nbsp;&nbsp;&nbsp;&nbsp;&nbsp;&nbsp;&nbsp;&nbsp;&nbsp;&nbsp;&nbsp;&nbsp; 11 -12 g\/dl<br><br>Unter H\u00e4moglobin (Hb) versteht man alle Varianten des roten Blutfarbstoffes. Das H\u00e4moglobin erf\u00fcllt f\u00fcr den Organismus die wichtige Funktion des Sauerstofftransports. Der Hb &#8211; Wert ist einer der Blutwerte, die zur Diagnose und Beurteilung von An\u00e4mien ( &#8222;Blutarmut&#8220; ) von Bedeutung sind.<\/p>\n","protected":false},"excerpt":{"rendered":"<p>Hier erhalten Sie Informationen zu den einzelnen Blutwerten: Gesamtcholesterin Normbereich:&nbsp; Bis 200 mg\/dlGrenzbereich: 200 &#8211; 250 mg\/dlBehandlungsbed\u00fcrftig: Werte \u00fcber 250 mg\/dl M\u00f6gliche Ursachen von Abweichungen: Ererbte Fettstoffwechselst\u00f6rungen, Lebererkrankungen, Diabetes, hormonelle St\u00f6rungen, Nierenerkrankungen, Schwangerschaft, Einnahme bestimmter Arzneimittel.Nach dem derzeitigen Erkenntnisstand erh\u00f6ht sich bei Gesamtcholesterinwerten \u00fcber 200 mg\/dl in der Regel das Risiko an Arteriosklerose zu erkranken. [&hellip;]<\/p>\n","protected":false},"author":1,"featured_media":0,"parent":0,"menu_order":0,"comment_status":"closed","ping_status":"closed","template":"","meta":{"footnotes":""},"class_list":["post-50","page","type-page","status-publish","hentry"],"yoast_head":"<!-- This site is optimized with the Yoast SEO plugin v21.5 - https:\/\/yoast.com\/wordpress\/plugins\/seo\/ -->\n<title>Blutwerte - City Apotheke Recklinghausen<\/title>\n<meta name=\"robots\" content=\"index, follow, max-snippet:-1, max-image-preview:large, max-video-preview:-1\" \/>\n<link rel=\"canonical\" href=\"https:\/\/www.cityapotheke.de\/index.php\/blutwerte\/\" \/>\n<meta property=\"og:locale\" content=\"de_DE\" \/>\n<meta property=\"og:type\" content=\"article\" \/>\n<meta property=\"og:title\" content=\"Blutwerte - City Apotheke Recklinghausen\" \/>\n<meta property=\"og:description\" content=\"Hier erhalten Sie Informationen zu den einzelnen Blutwerten: Gesamtcholesterin Normbereich:&nbsp; Bis 200 mg\/dlGrenzbereich: 200 &#8211; 250 mg\/dlBehandlungsbed\u00fcrftig: Werte \u00fcber 250 mg\/dl M\u00f6gliche Ursachen von Abweichungen: Ererbte Fettstoffwechselst\u00f6rungen, Lebererkrankungen, Diabetes, hormonelle St\u00f6rungen, Nierenerkrankungen, Schwangerschaft, Einnahme bestimmter Arzneimittel.Nach dem derzeitigen Erkenntnisstand erh\u00f6ht sich bei Gesamtcholesterinwerten \u00fcber 200 mg\/dl in der Regel das Risiko an Arteriosklerose zu erkranken. [&hellip;]\" \/>\n<meta property=\"og:url\" content=\"https:\/\/www.cityapotheke.de\/index.php\/blutwerte\/\" \/>\n<meta property=\"og:site_name\" content=\"City Apotheke Recklinghausen\" \/>\n<meta name=\"twitter:card\" content=\"summary_large_image\" \/>\n<meta name=\"twitter:label1\" content=\"Gesch\u00e4tzte Lesezeit\" \/>\n\t<meta name=\"twitter:data1\" content=\"5\u00a0Minuten\" \/>\n<script type=\"application\/ld+json\" class=\"yoast-schema-graph\">{\"@context\":\"https:\/\/schema.org\",\"@graph\":[{\"@type\":\"WebPage\",\"@id\":\"https:\/\/www.cityapotheke.de\/index.php\/blutwerte\/\",\"url\":\"https:\/\/www.cityapotheke.de\/index.php\/blutwerte\/\",\"name\":\"Blutwerte - City Apotheke Recklinghausen\",\"isPartOf\":{\"@id\":\"https:\/\/www.cityapotheke.de\/#website\"},\"datePublished\":\"2023-03-05T16:44:53+00:00\",\"dateModified\":\"2023-03-05T16:44:53+00:00\",\"breadcrumb\":{\"@id\":\"https:\/\/www.cityapotheke.de\/index.php\/blutwerte\/#breadcrumb\"},\"inLanguage\":\"de\",\"potentialAction\":[{\"@type\":\"ReadAction\",\"target\":[\"https:\/\/www.cityapotheke.de\/index.php\/blutwerte\/\"]}]},{\"@type\":\"BreadcrumbList\",\"@id\":\"https:\/\/www.cityapotheke.de\/index.php\/blutwerte\/#breadcrumb\",\"itemListElement\":[{\"@type\":\"ListItem\",\"position\":1,\"name\":\"Startseite\",\"item\":\"https:\/\/www.cityapotheke.de\/\"},{\"@type\":\"ListItem\",\"position\":2,\"name\":\"Blutwerte\"}]},{\"@type\":\"WebSite\",\"@id\":\"https:\/\/www.cityapotheke.de\/#website\",\"url\":\"https:\/\/www.cityapotheke.de\/\",\"name\":\"City Apotheke Recklinghausen\",\"description\":\"Die Apotheke mit Herz\",\"potentialAction\":[{\"@type\":\"SearchAction\",\"target\":{\"@type\":\"EntryPoint\",\"urlTemplate\":\"https:\/\/www.cityapotheke.de\/?s={search_term_string}\"},\"query-input\":\"required name=search_term_string\"}],\"inLanguage\":\"de\"}]}<\/script>\n<!-- \/ Yoast SEO plugin. -->","yoast_head_json":{"title":"Blutwerte - City Apotheke Recklinghausen","robots":{"index":"index","follow":"follow","max-snippet":"max-snippet:-1","max-image-preview":"max-image-preview:large","max-video-preview":"max-video-preview:-1"},"canonical":"https:\/\/www.cityapotheke.de\/index.php\/blutwerte\/","og_locale":"de_DE","og_type":"article","og_title":"Blutwerte - City Apotheke Recklinghausen","og_description":"Hier erhalten Sie Informationen zu den einzelnen Blutwerten: Gesamtcholesterin Normbereich:&nbsp; Bis 200 mg\/dlGrenzbereich: 200 &#8211; 250 mg\/dlBehandlungsbed\u00fcrftig: Werte \u00fcber 250 mg\/dl M\u00f6gliche Ursachen von Abweichungen: Ererbte Fettstoffwechselst\u00f6rungen, Lebererkrankungen, Diabetes, hormonelle St\u00f6rungen, Nierenerkrankungen, Schwangerschaft, Einnahme bestimmter Arzneimittel.Nach dem derzeitigen Erkenntnisstand erh\u00f6ht sich bei Gesamtcholesterinwerten \u00fcber 200 mg\/dl in der Regel das Risiko an Arteriosklerose zu erkranken. [&hellip;]","og_url":"https:\/\/www.cityapotheke.de\/index.php\/blutwerte\/","og_site_name":"City Apotheke Recklinghausen","twitter_card":"summary_large_image","twitter_misc":{"Gesch\u00e4tzte Lesezeit":"5\u00a0Minuten"},"schema":{"@context":"https:\/\/schema.org","@graph":[{"@type":"WebPage","@id":"https:\/\/www.cityapotheke.de\/index.php\/blutwerte\/","url":"https:\/\/www.cityapotheke.de\/index.php\/blutwerte\/","name":"Blutwerte - City Apotheke Recklinghausen","isPartOf":{"@id":"https:\/\/www.cityapotheke.de\/#website"},"datePublished":"2023-03-05T16:44:53+00:00","dateModified":"2023-03-05T16:44:53+00:00","breadcrumb":{"@id":"https:\/\/www.cityapotheke.de\/index.php\/blutwerte\/#breadcrumb"},"inLanguage":"de","potentialAction":[{"@type":"ReadAction","target":["https:\/\/www.cityapotheke.de\/index.php\/blutwerte\/"]}]},{"@type":"BreadcrumbList","@id":"https:\/\/www.cityapotheke.de\/index.php\/blutwerte\/#breadcrumb","itemListElement":[{"@type":"ListItem","position":1,"name":"Startseite","item":"https:\/\/www.cityapotheke.de\/"},{"@type":"ListItem","position":2,"name":"Blutwerte"}]},{"@type":"WebSite","@id":"https:\/\/www.cityapotheke.de\/#website","url":"https:\/\/www.cityapotheke.de\/","name":"City Apotheke Recklinghausen","description":"Die Apotheke mit Herz","potentialAction":[{"@type":"SearchAction","target":{"@type":"EntryPoint","urlTemplate":"https:\/\/www.cityapotheke.de\/?s={search_term_string}"},"query-input":"required name=search_term_string"}],"inLanguage":"de"}]}},"_links":{"self":[{"href":"https:\/\/www.cityapotheke.de\/index.php\/wp-json\/wp\/v2\/pages\/50","targetHints":{"allow":["GET"]}}],"collection":[{"href":"https:\/\/www.cityapotheke.de\/index.php\/wp-json\/wp\/v2\/pages"}],"about":[{"href":"https:\/\/www.cityapotheke.de\/index.php\/wp-json\/wp\/v2\/types\/page"}],"author":[{"embeddable":true,"href":"https:\/\/www.cityapotheke.de\/index.php\/wp-json\/wp\/v2\/users\/1"}],"replies":[{"embeddable":true,"href":"https:\/\/www.cityapotheke.de\/index.php\/wp-json\/wp\/v2\/comments?post=50"}],"version-history":[{"count":1,"href":"https:\/\/www.cityapotheke.de\/index.php\/wp-json\/wp\/v2\/pages\/50\/revisions"}],"predecessor-version":[{"id":51,"href":"https:\/\/www.cityapotheke.de\/index.php\/wp-json\/wp\/v2\/pages\/50\/revisions\/51"}],"wp:attachment":[{"href":"https:\/\/www.cityapotheke.de\/index.php\/wp-json\/wp\/v2\/media?parent=50"}],"curies":[{"name":"wp","href":"https:\/\/api.w.org\/{rel}","templated":true}]}}