{"id":23,"date":"2023-03-05T17:31:33","date_gmt":"2023-03-05T16:31:33","guid":{"rendered":"https:\/\/www.cityapotheke.de\/wp-neu\/?page_id=23"},"modified":"2025-02-17T11:35:33","modified_gmt":"2025-02-17T10:35:33","slug":"weitere-dienstleistungen","status":"publish","type":"page","link":"https:\/\/www.cityapotheke.de\/index.php\/weitere-dienstleistungen\/","title":{"rendered":"Dienstleistungen"},"content":{"rendered":"\n<p>\u00dcber einen Teil unserer Dienstleistungen k\u00f6nnen Sie sich &#8211; ausgehend von unserer Begr\u00fc\u00dfungsseite &#8211; auf gesonderten Internetseiten ausf\u00fchrlich informieren.<\/p>\n\n\n\n<p>Dar\u00fcber hinaus m\u00f6chten wir Sie aber auch noch auf weitere Serviceleistungen unserer Apotheke aufmerksam machen:<\/p>\n\n\n\n<ol class=\"wp-block-list\">\n<li>Wir beraten Sie in <strong>Ern\u00e4hrungsfragen<\/strong><\/li>\n\n\n\n<li>Wir erkl\u00e4ren Ihnen das neue <strong>Blutzuckerme\u00dfger\u00e4t<\/strong> oder den <strong>Insulinpen<\/strong><\/li>\n\n\n\n<li>Wir halten eine Vielzahl <strong>hom\u00f6opatischer Arzneimittel<\/strong> bereit<\/li>\n\n\n\n<li>Wir helfen Ihnen bei Fragen gerne auch telefonisch unter Tel.:&nbsp;<strong>0800 2361 000 <\/strong>(geb\u00fchrfrei)<\/li>\n\n\n\n<li>Wir <strong>liefern<\/strong> die nicht vorr\u00e4tigen Arzneimittel ( im begr\u00fcndeten Einzelfall ) zu Ihnen nach Hause<\/li>\n\n\n\n<li>Wir halten eine Vielzahl toller <strong>Sonderangebote<\/strong> f\u00fcr Sie bereit<\/li>\n<\/ol>\n\n\n\n<p>&nbsp; &nbsp; &nbsp; &nbsp; &nbsp;Wir freuen uns auf Ihren Besuch.<\/p>\n\n\n\n<p> <\/p>\n\n\n\n<p><\/p>\n","protected":false},"excerpt":{"rendered":"<p>\u00dcber einen Teil unserer Dienstleistungen k\u00f6nnen Sie sich &#8211; ausgehend von unserer Begr\u00fc\u00dfungsseite &#8211; auf gesonderten Internetseiten ausf\u00fchrlich informieren. Dar\u00fcber hinaus m\u00f6chten wir Sie aber auch noch auf weitere Serviceleistungen unserer Apotheke aufmerksam machen: &nbsp; &nbsp; &nbsp; &nbsp; &nbsp;Wir freuen uns auf Ihren Besuch.<\/p>\n","protected":false},"author":1,"featured_media":0,"parent":0,"menu_order":0,"comment_status":"closed","ping_status":"closed","template":"","meta":{"footnotes":""},"class_list":["post-23","page","type-page","status-publish","hentry"],"yoast_head":"<!-- This site is optimized with the Yoast SEO plugin v21.5 - https:\/\/yoast.com\/wordpress\/plugins\/seo\/ -->\n<title>Dienstleistungen - City Apotheke Recklinghausen<\/title>\n<meta name=\"robots\" content=\"index, follow, max-snippet:-1, max-image-preview:large, max-video-preview:-1\" \/>\n<link rel=\"canonical\" href=\"https:\/\/www.cityapotheke.de\/index.php\/weitere-dienstleistungen\/\" \/>\n<meta property=\"og:locale\" content=\"de_DE\" \/>\n<meta property=\"og:type\" content=\"article\" \/>\n<meta property=\"og:title\" content=\"Dienstleistungen - City Apotheke Recklinghausen\" \/>\n<meta property=\"og:description\" content=\"\u00dcber einen Teil unserer Dienstleistungen k\u00f6nnen Sie sich &#8211; ausgehend von unserer Begr\u00fc\u00dfungsseite &#8211; auf gesonderten Internetseiten ausf\u00fchrlich informieren. Dar\u00fcber hinaus m\u00f6chten wir Sie aber auch noch auf weitere Serviceleistungen unserer Apotheke aufmerksam machen: &nbsp; &nbsp; &nbsp; &nbsp; &nbsp;Wir freuen uns auf Ihren Besuch.\" \/>\n<meta property=\"og:url\" content=\"https:\/\/www.cityapotheke.de\/index.php\/weitere-dienstleistungen\/\" \/>\n<meta property=\"og:site_name\" content=\"City Apotheke Recklinghausen\" \/>\n<meta property=\"article:modified_time\" content=\"2025-02-17T10:35:33+00:00\" \/>\n<meta name=\"twitter:card\" content=\"summary_large_image\" \/>\n<script type=\"application\/ld+json\" class=\"yoast-schema-graph\">{\"@context\":\"https:\/\/schema.org\",\"@graph\":[{\"@type\":\"WebPage\",\"@id\":\"https:\/\/www.cityapotheke.de\/index.php\/weitere-dienstleistungen\/\",\"url\":\"https:\/\/www.cityapotheke.de\/index.php\/weitere-dienstleistungen\/\",\"name\":\"Dienstleistungen - City Apotheke Recklinghausen\",\"isPartOf\":{\"@id\":\"https:\/\/www.cityapotheke.de\/#website\"},\"datePublished\":\"2023-03-05T16:31:33+00:00\",\"dateModified\":\"2025-02-17T10:35:33+00:00\",\"breadcrumb\":{\"@id\":\"https:\/\/www.cityapotheke.de\/index.php\/weitere-dienstleistungen\/#breadcrumb\"},\"inLanguage\":\"de\",\"potentialAction\":[{\"@type\":\"ReadAction\",\"target\":[\"https:\/\/www.cityapotheke.de\/index.php\/weitere-dienstleistungen\/\"]}]},{\"@type\":\"BreadcrumbList\",\"@id\":\"https:\/\/www.cityapotheke.de\/index.php\/weitere-dienstleistungen\/#breadcrumb\",\"itemListElement\":[{\"@type\":\"ListItem\",\"position\":1,\"name\":\"Startseite\",\"item\":\"https:\/\/www.cityapotheke.de\/\"},{\"@type\":\"ListItem\",\"position\":2,\"name\":\"Dienstleistungen\"}]},{\"@type\":\"WebSite\",\"@id\":\"https:\/\/www.cityapotheke.de\/#website\",\"url\":\"https:\/\/www.cityapotheke.de\/\",\"name\":\"City Apotheke Recklinghausen\",\"description\":\"Die Apotheke mit Herz\",\"potentialAction\":[{\"@type\":\"SearchAction\",\"target\":{\"@type\":\"EntryPoint\",\"urlTemplate\":\"https:\/\/www.cityapotheke.de\/?s={search_term_string}\"},\"query-input\":\"required name=search_term_string\"}],\"inLanguage\":\"de\"}]}<\/script>\n<!-- \/ Yoast SEO plugin. -->","yoast_head_json":{"title":"Dienstleistungen - City Apotheke Recklinghausen","robots":{"index":"index","follow":"follow","max-snippet":"max-snippet:-1","max-image-preview":"max-image-preview:large","max-video-preview":"max-video-preview:-1"},"canonical":"https:\/\/www.cityapotheke.de\/index.php\/weitere-dienstleistungen\/","og_locale":"de_DE","og_type":"article","og_title":"Dienstleistungen - City Apotheke Recklinghausen","og_description":"\u00dcber einen Teil unserer Dienstleistungen k\u00f6nnen Sie sich &#8211; ausgehend von unserer Begr\u00fc\u00dfungsseite &#8211; auf gesonderten Internetseiten ausf\u00fchrlich informieren. Dar\u00fcber hinaus m\u00f6chten wir Sie aber auch noch auf weitere Serviceleistungen unserer Apotheke aufmerksam machen: &nbsp; &nbsp; &nbsp; &nbsp; &nbsp;Wir freuen uns auf Ihren Besuch.","og_url":"https:\/\/www.cityapotheke.de\/index.php\/weitere-dienstleistungen\/","og_site_name":"City Apotheke Recklinghausen","article_modified_time":"2025-02-17T10:35:33+00:00","twitter_card":"summary_large_image","schema":{"@context":"https:\/\/schema.org","@graph":[{"@type":"WebPage","@id":"https:\/\/www.cityapotheke.de\/index.php\/weitere-dienstleistungen\/","url":"https:\/\/www.cityapotheke.de\/index.php\/weitere-dienstleistungen\/","name":"Dienstleistungen - City Apotheke Recklinghausen","isPartOf":{"@id":"https:\/\/www.cityapotheke.de\/#website"},"datePublished":"2023-03-05T16:31:33+00:00","dateModified":"2025-02-17T10:35:33+00:00","breadcrumb":{"@id":"https:\/\/www.cityapotheke.de\/index.php\/weitere-dienstleistungen\/#breadcrumb"},"inLanguage":"de","potentialAction":[{"@type":"ReadAction","target":["https:\/\/www.cityapotheke.de\/index.php\/weitere-dienstleistungen\/"]}]},{"@type":"BreadcrumbList","@id":"https:\/\/www.cityapotheke.de\/index.php\/weitere-dienstleistungen\/#breadcrumb","itemListElement":[{"@type":"ListItem","position":1,"name":"Startseite","item":"https:\/\/www.cityapotheke.de\/"},{"@type":"ListItem","position":2,"name":"Dienstleistungen"}]},{"@type":"WebSite","@id":"https:\/\/www.cityapotheke.de\/#website","url":"https:\/\/www.cityapotheke.de\/","name":"City Apotheke Recklinghausen","description":"Die Apotheke mit Herz","potentialAction":[{"@type":"SearchAction","target":{"@type":"EntryPoint","urlTemplate":"https:\/\/www.cityapotheke.de\/?s={search_term_string}"},"query-input":"required name=search_term_string"}],"inLanguage":"de"}]}},"_links":{"self":[{"href":"https:\/\/www.cityapotheke.de\/index.php\/wp-json\/wp\/v2\/pages\/23","targetHints":{"allow":["GET"]}}],"collection":[{"href":"https:\/\/www.cityapotheke.de\/index.php\/wp-json\/wp\/v2\/pages"}],"about":[{"href":"https:\/\/www.cityapotheke.de\/index.php\/wp-json\/wp\/v2\/types\/page"}],"author":[{"embeddable":true,"href":"https:\/\/www.cityapotheke.de\/index.php\/wp-json\/wp\/v2\/users\/1"}],"replies":[{"embeddable":true,"href":"https:\/\/www.cityapotheke.de\/index.php\/wp-json\/wp\/v2\/comments?post=23"}],"version-history":[{"count":7,"href":"https:\/\/www.cityapotheke.de\/index.php\/wp-json\/wp\/v2\/pages\/23\/revisions"}],"predecessor-version":[{"id":5769,"href":"https:\/\/www.cityapotheke.de\/index.php\/wp-json\/wp\/v2\/pages\/23\/revisions\/5769"}],"wp:attachment":[{"href":"https:\/\/www.cityapotheke.de\/index.php\/wp-json\/wp\/v2\/media?parent=23"}],"curies":[{"name":"wp","href":"https:\/\/api.w.org\/{rel}","templated":true}]}}